{"id":159,"date":"2019-04-06T17:49:46","date_gmt":"2019-04-06T14:49:46","guid":{"rendered":"https:\/\/longenotti.com\/?page_id=159"},"modified":"2023-04-27T16:09:50","modified_gmt":"2023-04-27T13:09:50","slug":"%d0%ba%d0%b0%d1%82%d0%b0%d0%bb%d0%be%d0%b3-%d0%b5%d0%b2%d1%80%d0%be%d0%b7%d0%b0%d0%b1%d0%be%d1%80%d0%be%d0%b2","status":"publish","type":"page","link":"https:\/\/longenotti.com\/?page_id=159","title":{"rendered":"\u041a\u0430\u0442\u0430\u043b\u043e\u0433 \u0435\u0432\u0440\u043e\u0437\u0430\u0431\u043e\u0440\u043e\u0432"},"content":{"rendered":"\t\t<div data-elementor-type=\"post\" data-elementor-id=\"159\" class=\"elementor elementor-159\" data-elementor-settings=\"[]\">\n\t\t\t<div class=\"elementor-inner\">\n\t\t\t\t<div class=\"elementor-section-wrap\">\n\t\t\t\t\t\t\t<section class=\"elementor-element elementor-element-b952b0a elementor-section-boxed elementor-section-height-default elementor-section-height-default elementor-section elementor-top-section\" data-id=\"b952b0a\" data-element_type=\"section\">\n\t\t\t\t\t\t<div class=\"elementor-container elementor-column-gap-default\">\n\t\t\t\t<div class=\"elementor-row\">\n\t\t\t\t<div class=\"elementor-element elementor-element-b6b1cde elementor-column elementor-col-100 elementor-top-column\" data-id=\"b6b1cde\" data-element_type=\"column\">\n\t\t\t<div class=\"elementor-column-wrap  elementor-element-populated\">\n\t\t\t\t\t<div class=\"elementor-widget-wrap\">\n\t\t\t\t<div class=\"elementor-element elementor-element-da28dfa elementor-widget elementor-widget-spacer\" data-id=\"da28dfa\" data-element_type=\"widget\" data-widget_type=\"spacer.default\">\n\t\t\t\t<div class=\"elementor-widget-container\">\n\t\t\t\t\t<div class=\"elementor-spacer\">\n\t\t\t<div class=\"elementor-spacer-inner\"><\/div>\n\t\t<\/div>\n\t\t\t\t<\/div>\n\t\t\t\t<\/div>\n\t\t\t\t\t\t<\/div>\n\t\t\t<\/div>\n\t\t<\/div>\n\t\t\t\t\t\t<\/div>\n\t\t\t<\/div>\n\t\t<\/section>\n\t\t\t\t<section class=\"elementor-element elementor-element-d736684 elementor-section-boxed elementor-section-height-default elementor-section-height-default elementor-section elementor-top-section\" data-id=\"d736684\" data-element_type=\"section\">\n\t\t\t\t\t\t<div class=\"elementor-container elementor-column-gap-default\">\n\t\t\t\t<div class=\"elementor-row\">\n\t\t\t\t<div class=\"elementor-element elementor-element-625d513 elementor-column elementor-col-100 elementor-top-column\" data-id=\"625d513\" data-element_type=\"column\">\n\t\t\t<div class=\"elementor-column-wrap  elementor-element-populated\">\n\t\t\t\t\t<div class=\"elementor-widget-wrap\">\n\t\t\t\t<div class=\"elementor-element elementor-element-e228b6a elementor-widget elementor-widget-heading\" data-id=\"e228b6a\" data-element_type=\"widget\" data-widget_type=\"heading.default\">\n\t\t\t\t<div class=\"elementor-widget-container\">\n\t\t\t<h2 class=\"elementor-heading-title elementor-size-default\">\u041a\u0410\u0422\u0410\u041b\u041e\u0413 \u0415\u0412\u0420\u041e\u0417\u0410\u0411\u041e\u0420\u041e\u0412<\/h2>\t\t<\/div>\n\t\t\t\t<\/div>\n\t\t\t\t\t\t<\/div>\n\t\t\t<\/div>\n\t\t<\/div>\n\t\t\t\t\t\t<\/div>\n\t\t\t<\/div>\n\t\t<\/section>\n\t\t\t\t<section class=\"elementor-element elementor-element-0c8a570 elementor-section-boxed elementor-section-height-default elementor-section-height-default elementor-section elementor-top-section\" data-id=\"0c8a570\" data-element_type=\"section\">\n\t\t\t\t\t\t<div class=\"elementor-container elementor-column-gap-default\">\n\t\t\t\t<div class=\"elementor-row\">\n\t\t\t\t<div class=\"elementor-element elementor-element-23155e7 elementor-column elementor-col-100 elementor-top-column\" data-id=\"23155e7\" data-element_type=\"column\">\n\t\t\t<div class=\"elementor-column-wrap  elementor-element-populated\">\n\t\t\t\t\t<div class=\"elementor-widget-wrap\">\n\t\t\t\t<div class=\"elementor-element elementor-element-67c48a9 elementor-widget elementor-widget-spacer\" data-id=\"67c48a9\" data-element_type=\"widget\" data-widget_type=\"spacer.default\">\n\t\t\t\t<div class=\"elementor-widget-container\">\n\t\t\t\t\t<div class=\"elementor-spacer\">\n\t\t\t<div class=\"elementor-spacer-inner\"><\/div>\n\t\t<\/div>\n\t\t\t\t<\/div>\n\t\t\t\t<\/div>\n\t\t\t\t\t\t<\/div>\n\t\t\t<\/div>\n\t\t<\/div>\n\t\t\t\t\t\t<\/div>\n\t\t\t<\/div>\n\t\t<\/section>\n\t\t\t\t<section class=\"elementor-element elementor-element-7d5e911 elementor-section-boxed elementor-section-height-default elementor-section-height-default elementor-section elementor-top-section\" data-id=\"7d5e911\" data-element_type=\"section\">\n\t\t\t\t\t\t<div class=\"elementor-container elementor-column-gap-default\">\n\t\t\t\t<div class=\"elementor-row\">\n\t\t\t\t<div class=\"elementor-element elementor-element-e0dc9c6 elementor-column elementor-col-33 elementor-top-column\" data-id=\"e0dc9c6\" data-element_type=\"column\">\n\t\t\t<div class=\"elementor-column-wrap  elementor-element-populated\">\n\t\t\t\t\t<div class=\"elementor-widget-wrap\">\n\t\t\t\t<div class=\"elementor-element elementor-element-4b8b0e9 elementor-widget elementor-widget-heading\" data-id=\"4b8b0e9\" data-element_type=\"widget\" data-widget_type=\"heading.default\">\n\t\t\t\t<div class=\"elementor-widget-container\">\n\t\t\t<h2 class=\"elementor-heading-title elementor-size-default\">\u041a\u0438\u0440\u043f\u0438\u0447\u0438\u043a<\/h2>\t\t<\/div>\n\t\t\t\t<\/div>\n\t\t\t\t<div class=\"elementor-element elementor-element-7e4671d elementor-position-top elementor-vertical-align-top elementor-widget elementor-widget-image-box\" data-id=\"7e4671d\" data-element_type=\"widget\" data-widget_type=\"image-box.default\">\n\t\t\t\t<div class=\"elementor-widget-container\">\n\t\t\t<div class=\"elementor-image-box-wrapper\"><figure class=\"elementor-image-box-img\"><img loading=\"lazy\" decoding=\"async\" width=\"250\" height=\"149\" src=\"https:\/\/longenotti.com\/wp-content\/uploads\/2019\/04\/\u0415\u0432\u0440\u043e\u0437\u0430\u0431\u043e\u0440-\u0414\u043d\u0435\u043f\u0440.png\" class=\"attachment-full size-full\" alt=\"\" \/><\/figure><div class=\"elementor-image-box-content\"><h2 class=\"elementor-image-box-title\">250 \u0433\u0440\u043d\/\u0448\u0442<\/h2><p class=\"elementor-image-box-description\">2000\u00d7500\u00d750<\/p><\/div><\/div>\t\t<\/div>\n\t\t\t\t<\/div>\n\t\t\t\t\t\t<\/div>\n\t\t\t<\/div>\n\t\t<\/div>\n\t\t\t\t<div class=\"elementor-element elementor-element-1e65609 elementor-column elementor-col-33 elementor-top-column\" data-id=\"1e65609\" data-element_type=\"column\">\n\t\t\t<div class=\"elementor-column-wrap  elementor-element-populated\">\n\t\t\t\t\t<div class=\"elementor-widget-wrap\">\n\t\t\t\t<div class=\"elementor-element elementor-element-bdb7149 elementor-widget elementor-widget-heading\" data-id=\"bdb7149\" data-element_type=\"widget\" data-widget_type=\"heading.default\">\n\t\t\t\t<div class=\"elementor-widget-container\">\n\t\t\t<h2 class=\"elementor-heading-title elementor-size-default\">\u0421\u043a\u0430\u043b\u0430<\/h2>\t\t<\/div>\n\t\t\t\t<\/div>\n\t\t\t\t<div class=\"elementor-element elementor-element-b8485b7 elementor-position-top elementor-vertical-align-top elementor-widget elementor-widget-image-box\" data-id=\"b8485b7\" data-element_type=\"widget\" data-widget_type=\"image-box.default\">\n\t\t\t\t<div class=\"elementor-widget-container\">\n\t\t\t<div class=\"elementor-image-box-wrapper\"><figure class=\"elementor-image-box-img\"><img loading=\"lazy\" decoding=\"async\" width=\"250\" height=\"149\" src=\"https:\/\/longenotti.com\/wp-content\/uploads\/2019\/04\/\u0415\u0432\u0440\u043e\u0437\u0430\u0431\u043e\u0440-\u0441\u043a\u0430\u043b\u0430-\u0414\u043d\u0435\u043f\u0440.png\" class=\"attachment-full size-full\" alt=\"\" \/><\/figure><div class=\"elementor-image-box-content\"><h2 class=\"elementor-image-box-title\">250 \u0433\u0440\u043d\/\u0448\u0442<\/h2><p class=\"elementor-image-box-description\">2000\u00d7500\u00d750<\/p><\/div><\/div>\t\t<\/div>\n\t\t\t\t<\/div>\n\t\t\t\t\t\t<\/div>\n\t\t\t<\/div>\n\t\t<\/div>\n\t\t\t\t<div class=\"elementor-element elementor-element-edfcac2 elementor-column elementor-col-33 elementor-top-column\" data-id=\"edfcac2\" data-element_type=\"column\">\n\t\t\t<div class=\"elementor-column-wrap  elementor-element-populated\">\n\t\t\t\t\t<div class=\"elementor-widget-wrap\">\n\t\t\t\t<div class=\"elementor-element elementor-element-68773b3 elementor-widget elementor-widget-heading\" data-id=\"68773b3\" data-element_type=\"widget\" data-widget_type=\"heading.default\">\n\t\t\t\t<div class=\"elementor-widget-container\">\n\t\t\t<h2 class=\"elementor-heading-title elementor-size-default\">\u0424\u0430\u0433\u043e\u0442<\/h2>\t\t<\/div>\n\t\t\t\t<\/div>\n\t\t\t\t<div class=\"elementor-element elementor-element-bd6d5cf elementor-position-top elementor-vertical-align-top elementor-widget elementor-widget-image-box\" data-id=\"bd6d5cf\" data-element_type=\"widget\" data-widget_type=\"image-box.default\">\n\t\t\t\t<div class=\"elementor-widget-container\">\n\t\t\t<div class=\"elementor-image-box-wrapper\"><figure class=\"elementor-image-box-img\"><img loading=\"lazy\" decoding=\"async\" width=\"250\" height=\"149\" src=\"https:\/\/longenotti.com\/wp-content\/uploads\/2019\/04\/fagot-dnipro-1.png\" class=\"attachment-full size-full\" alt=\"\" \/><\/figure><div class=\"elementor-image-box-content\"><h2 class=\"elementor-image-box-title\">250\u0433\u0440\u043d\/\u0448\u0442<\/h2><p class=\"elementor-image-box-description\">2000\u00d7500\u00d750<\/p><\/div><\/div>\t\t<\/div>\n\t\t\t\t<\/div>\n\t\t\t\t\t\t<\/div>\n\t\t\t<\/div>\n\t\t<\/div>\n\t\t\t\t\t\t<\/div>\n\t\t\t<\/div>\n\t\t<\/section>\n\t\t\t\t<section class=\"elementor-element elementor-element-020411a elementor-section-boxed elementor-section-height-default elementor-section-height-default elementor-section elementor-top-section\" data-id=\"020411a\" data-element_type=\"section\">\n\t\t\t\t\t\t<div class=\"elementor-container elementor-column-gap-default\">\n\t\t\t\t<div class=\"elementor-row\">\n\t\t\t\t<div class=\"elementor-element elementor-element-9b4139e elementor-column elementor-col-100 elementor-top-column\" data-id=\"9b4139e\" data-element_type=\"column\">\n\t\t\t<div class=\"elementor-column-wrap  elementor-element-populated\">\n\t\t\t\t\t<div class=\"elementor-widget-wrap\">\n\t\t\t\t<div class=\"elementor-element elementor-element-0986432 elementor-widget elementor-widget-spacer\" data-id=\"0986432\" data-element_type=\"widget\" data-widget_type=\"spacer.default\">\n\t\t\t\t<div class=\"elementor-widget-container\">\n\t\t\t\t\t<div class=\"elementor-spacer\">\n\t\t\t<div class=\"elementor-spacer-inner\"><\/div>\n\t\t<\/div>\n\t\t\t\t<\/div>\n\t\t\t\t<\/div>\n\t\t\t\t\t\t<\/div>\n\t\t\t<\/div>\n\t\t<\/div>\n\t\t\t\t\t\t<\/div>\n\t\t\t<\/div>\n\t\t<\/section>\n\t\t\t\t<section class=\"elementor-element elementor-element-a47af84 elementor-section-boxed elementor-section-height-default elementor-section-height-default elementor-section elementor-top-section\" data-id=\"a47af84\" data-element_type=\"section\">\n\t\t\t\t\t\t<div class=\"elementor-container elementor-column-gap-default\">\n\t\t\t\t<div class=\"elementor-row\">\n\t\t\t\t<div class=\"elementor-element elementor-element-bb5e3aa elementor-column elementor-col-33 elementor-top-column\" data-id=\"bb5e3aa\" data-element_type=\"column\">\n\t\t\t<div class=\"elementor-column-wrap  elementor-element-populated\">\n\t\t\t\t\t<div class=\"elementor-widget-wrap\">\n\t\t\t\t<div class=\"elementor-element elementor-element-e9564c3 elementor-widget elementor-widget-heading\" data-id=\"e9564c3\" data-element_type=\"widget\" data-widget_type=\"heading.default\">\n\t\t\t\t<div class=\"elementor-widget-container\">\n\t\t\t<h2 class=\"elementor-heading-title elementor-size-default\">\u0421\u0442\u043e\u043b\u0431 \u043e\u0433\u0440\u0430\u0436\u0434\u0435\u043d\u0438\u044f<\/h2>\t\t<\/div>\n\t\t\t\t<\/div>\n\t\t\t\t<div class=\"elementor-element elementor-element-7087f2a elementor-position-top elementor-vertical-align-top elementor-widget elementor-widget-image-box\" data-id=\"7087f2a\" data-element_type=\"widget\" data-widget_type=\"image-box.default\">\n\t\t\t\t<div class=\"elementor-widget-container\">\n\t\t\t<div class=\"elementor-image-box-wrapper\"><figure class=\"elementor-image-box-img\"><img loading=\"lazy\" decoding=\"async\" width=\"250\" height=\"149\" src=\"https:\/\/longenotti.com\/wp-content\/uploads\/2019\/04\/\u0421\u0442\u043e\u043b\u0431-\u0435\u0432\u0440\u043e\u0437\u0430\u0431\u043e\u0440\u0430-\u0414\u043d\u0435\u043f\u0440.png\" class=\"attachment-full size-full\" alt=\"\" \/><\/figure><div class=\"elementor-image-box-content\"><h2 class=\"elementor-image-box-title\">\u043e\u0442 280 \u0433\u0440\u043d\/\u0448\u0442<\/h2><p class=\"elementor-image-box-description\">2200\u00d7160\u00d7160 | 2700\u00d7160\u00d7160  3200\u00d7180\u00d7180<\/p><\/div><\/div>\t\t<\/div>\n\t\t\t\t<\/div>\n\t\t\t\t\t\t<\/div>\n\t\t\t<\/div>\n\t\t<\/div>\n\t\t\t\t<div class=\"elementor-element elementor-element-0218d8b elementor-column elementor-col-33 elementor-top-column\" data-id=\"0218d8b\" data-element_type=\"column\">\n\t\t\t<div class=\"elementor-column-wrap  elementor-element-populated\">\n\t\t\t\t\t<div class=\"elementor-widget-wrap\">\n\t\t\t\t<div class=\"elementor-element elementor-element-c755959 elementor-widget elementor-widget-heading\" data-id=\"c755959\" data-element_type=\"widget\" data-widget_type=\"heading.default\">\n\t\t\t\t<div class=\"elementor-widget-container\">\n\t\t\t<h2 class=\"elementor-heading-title elementor-size-default\">\u0421\u0442\u043e\u043b\u0431 \u0432\u0438\u043d\u043e\u0433\u0440\u0430\u0434\u043d\u044b\u0439<\/h2>\t\t<\/div>\n\t\t\t\t<\/div>\n\t\t\t\t<div class=\"elementor-element elementor-element-d993861 elementor-position-top elementor-vertical-align-top elementor-widget elementor-widget-image-box\" data-id=\"d993861\" data-element_type=\"widget\" data-widget_type=\"image-box.default\">\n\t\t\t\t<div class=\"elementor-widget-container\">\n\t\t\t<div class=\"elementor-image-box-wrapper\"><figure class=\"elementor-image-box-img\"><img loading=\"lazy\" decoding=\"async\" width=\"250\" height=\"149\" src=\"https:\/\/longenotti.com\/wp-content\/uploads\/2019\/04\/\u0421\u0442\u043e\u043b\u0431-\u0432\u0438\u043d\u043e\u0433\u0440\u0430\u0434\u043d\u044b\u0439-\u0414\u043d\u0435\u043f\u0440.png\" class=\"attachment-full size-full\" alt=\"\" \/><\/figure><div class=\"elementor-image-box-content\"><h2 class=\"elementor-image-box-title\">160 \u0433\u0440\u043d\/\u0448\u0442<\/h2><p class=\"elementor-image-box-description\">2500\u00d790\u00d790<\/p><\/div><\/div>\t\t<\/div>\n\t\t\t\t<\/div>\n\t\t\t\t\t\t<\/div>\n\t\t\t<\/div>\n\t\t<\/div>\n\t\t\t\t<div class=\"elementor-element elementor-element-82c30a7 elementor-column elementor-col-33 elementor-top-column\" data-id=\"82c30a7\" data-element_type=\"column\">\n\t\t\t<div class=\"elementor-column-wrap  elementor-element-populated\">\n\t\t\t\t\t<div class=\"elementor-widget-wrap\">\n\t\t\t\t<div class=\"elementor-element elementor-element-369b323 elementor-widget elementor-widget-heading\" data-id=\"369b323\" data-element_type=\"widget\" data-widget_type=\"heading.default\">\n\t\t\t\t<div class=\"elementor-widget-container\">\n\t\t\t<h2 class=\"elementor-heading-title elementor-size-default\">\u041a\u0440\u044b\u0448\u043a\u0430 \u0441\u0442\u043e\u043b\u0431\u0430<\/h2>\t\t<\/div>\n\t\t\t\t<\/div>\n\t\t\t\t<div class=\"elementor-element elementor-element-2a26270 elementor-position-top elementor-vertical-align-top elementor-widget elementor-widget-image-box\" data-id=\"2a26270\" data-element_type=\"widget\" data-widget_type=\"image-box.default\">\n\t\t\t\t<div class=\"elementor-widget-container\">\n\t\t\t<div class=\"elementor-image-box-wrapper\"><figure class=\"elementor-image-box-img\"><img loading=\"lazy\" decoding=\"async\" width=\"250\" height=\"149\" src=\"https:\/\/longenotti.com\/wp-content\/uploads\/2019\/04\/\u041a\u0440\u044b\u0448\u043a\u0430-\u0441\u0442\u043e\u043b\u0431\u0430-\u0414\u043d\u0435\u043f\u0440.png\" class=\"attachment-full size-full\" alt=\"\" \/><\/figure><div class=\"elementor-image-box-content\"><h2 class=\"elementor-image-box-title\">70 \u0433\u0440\u043d\/\u0448\u0442<\/h2><p class=\"elementor-image-box-description\">450\u00d7450\u00d7100<\/p><\/div><\/div>\t\t<\/div>\n\t\t\t\t<\/div>\n\t\t\t\t\t\t<\/div>\n\t\t\t<\/div>\n\t\t<\/div>\n\t\t\t\t\t\t<\/div>\n\t\t\t<\/div>\n\t\t<\/section>\n\t\t\t\t<section class=\"elementor-element elementor-element-b6d9ce8 elementor-section-boxed elementor-section-height-default elementor-section-height-default elementor-section elementor-top-section\" data-id=\"b6d9ce8\" data-element_type=\"section\">\n\t\t\t\t\t\t<div class=\"elementor-container elementor-column-gap-default\">\n\t\t\t\t<div class=\"elementor-row\">\n\t\t\t\t<div class=\"elementor-element elementor-element-e553b8f elementor-column elementor-col-100 elementor-top-column\" data-id=\"e553b8f\" data-element_type=\"column\">\n\t\t\t<div class=\"elementor-column-wrap  elementor-element-populated\">\n\t\t\t\t\t<div class=\"elementor-widget-wrap\">\n\t\t\t\t<div class=\"elementor-element elementor-element-14e7408 elementor-widget elementor-widget-spacer\" data-id=\"14e7408\" data-element_type=\"widget\" data-widget_type=\"spacer.default\">\n\t\t\t\t<div class=\"elementor-widget-container\">\n\t\t\t\t\t<div class=\"elementor-spacer\">\n\t\t\t<div class=\"elementor-spacer-inner\"><\/div>\n\t\t<\/div>\n\t\t\t\t<\/div>\n\t\t\t\t<\/div>\n\t\t\t\t\t\t<\/div>\n\t\t\t<\/div>\n\t\t<\/div>\n\t\t\t\t\t\t<\/div>\n\t\t\t<\/div>\n\t\t<\/section>\n\t\t\t\t<section class=\"elementor-element elementor-element-88ba613 elementor-section-boxed elementor-section-height-default elementor-section-height-default elementor-section elementor-top-section\" data-id=\"88ba613\" data-element_type=\"section\">\n\t\t\t\t\t\t<div class=\"elementor-container elementor-column-gap-default\">\n\t\t\t\t<div class=\"elementor-row\">\n\t\t\t\t<div class=\"elementor-element elementor-element-18243b2 elementor-column elementor-col-100 elementor-top-column\" data-id=\"18243b2\" data-element_type=\"column\">\n\t\t\t<div class=\"elementor-column-wrap  elementor-element-populated\">\n\t\t\t\t\t<div class=\"elementor-widget-wrap\">\n\t\t\t\t<div class=\"elementor-element elementor-element-206fed1 elementor-widget elementor-widget-text-editor\" data-id=\"206fed1\" data-element_type=\"widget\" data-widget_type=\"text-editor.default\">\n\t\t\t\t<div class=\"elementor-widget-container\">\n\t\t\t\t\t<div class=\"elementor-text-editor elementor-clearfix\"><h5>\u041f\u0440\u0435\u0434\u043f\u0440\u0438\u044f\u0442\u0438\u0435 \u041c\u041a\u041f &#171;\u041b\u043e\u043d\u0436\u0435\u043d\u043e\u0442\u0442\u0438&#187; \u0438\u0437\u0433\u043e\u0442\u0430\u0432\u043b\u0438\u0432\u0430\u0435\u0442 \u0435\u0432\u0440\u043e\u0437\u0430\u0431\u043e\u0440\u044b \u0432 \u0433\u043e\u0440\u043e\u0434\u0435 \u0414\u043d\u0435\u043f\u0440 (\u0414\u043d\u0435\u043f\u0440\u043e\u043f\u0435\u0442\u0440\u043e\u0432\u0441\u043a). \u0412 \u043f\u0440\u043e\u0438\u0437\u0432\u043e\u0434\u0441\u0442\u0432\u0435 \u0437\u0430\u0431\u043e\u0440\u043e\u0432 \u043c\u044b \u0438\u0441\u043f\u043e\u043b\u044c\u0437\u0443\u0435\u043c \u0444\u043e\u0440\u043c\u044b \u0438\u0437 \u0441\u0442\u0435\u043a\u043b\u043e\u0432\u043e\u043b\u043e\u043a\u043d\u0430, \u0447\u0442\u043e \u043e\u0431\u0435\u0441\u043f\u0435\u0447\u0438\u0432\u0430\u0435\u0442 \u043e\u0442\u0441\u0443\u0442\u0441\u0442\u0432\u0438\u0435 \u0434\u0435\u0444\u043e\u0440\u043c\u0430\u0446\u0438\u0439 (\u043f\u0443\u0437\u043e). \u0410\u0440\u043c\u0438\u0440\u0443\u0435\u0442\u0441\u044f 8\u043c\u043c \u0440\u0438\u0444\u043b\u0435\u043d\u043e\u0439 \u0430\u0440\u043c\u0430\u0442\u0443\u0440\u043e\u0439 (\u0432 \u0441\u0442\u043e\u043b\u0431\u0430\u0445 \u0438\u0441\u043f\u043e\u043b\u044c\u0437\u0443\u0435\u0442\u0441\u044f \u0441\u0432\u0430\u0440\u0435\u043d\u043d\u044b\u0439 \u043a\u0430\u0440\u043a\u0430\u0441)<\/h5><\/div>\n\t\t\t\t<\/div>\n\t\t\t\t<\/div>\n\t\t\t\t\t\t<\/div>\n\t\t\t<\/div>\n\t\t<\/div>\n\t\t\t\t\t\t<\/div>\n\t\t\t<\/div>\n\t\t<\/section>\n\t\t\t\t<section class=\"elementor-element elementor-element-2d71974 elementor-section-boxed elementor-section-height-default elementor-section-height-default elementor-section elementor-top-section\" data-id=\"2d71974\" data-element_type=\"section\">\n\t\t\t\t\t\t<div class=\"elementor-container elementor-column-gap-default\">\n\t\t\t\t<div class=\"elementor-row\">\n\t\t\t\t<div class=\"elementor-element elementor-element-4f34979 elementor-column elementor-col-100 elementor-top-column\" data-id=\"4f34979\" data-element_type=\"column\">\n\t\t\t<div class=\"elementor-column-wrap  elementor-element-populated\">\n\t\t\t\t\t<div class=\"elementor-widget-wrap\">\n\t\t\t\t<div class=\"elementor-element elementor-element-01f0a4c elementor-widget elementor-widget-spacer\" data-id=\"01f0a4c\" data-element_type=\"widget\" data-widget_type=\"spacer.default\">\n\t\t\t\t<div class=\"elementor-widget-container\">\n\t\t\t\t\t<div class=\"elementor-spacer\">\n\t\t\t<div class=\"elementor-spacer-inner\"><\/div>\n\t\t<\/div>\n\t\t\t\t<\/div>\n\t\t\t\t<\/div>\n\t\t\t\t\t\t<\/div>\n\t\t\t<\/div>\n\t\t<\/div>\n\t\t\t\t\t\t<\/div>\n\t\t\t<\/div>\n\t\t<\/section>\n\t\t\t\t\t\t<\/div>\n\t\t\t<\/div>\n\t\t<\/div>\n\t\t","protected":false},"excerpt":{"rendered":"<p>\u041a\u0410\u0422\u0410\u041b\u041e\u0413 \u0415\u0412\u0420\u041e\u0417\u0410\u0411\u041e\u0420\u041e\u0412 \u041a\u0438\u0440\u043f\u0438\u0447\u0438\u043a 250 \u0433\u0440\u043d\/\u0448\u0442 2000\u00d7500\u00d750 \u0421\u043a\u0430\u043b\u0430 250 \u0433\u0440\u043d\/\u0448\u0442 2000\u00d7500\u00d750 \u0424\u0430\u0433\u043e\u0442 250\u0433\u0440\u043d\/\u0448\u0442 2000\u00d7500\u00d750 \u0421\u0442\u043e\u043b\u0431 \u043e\u0433\u0440\u0430\u0436\u0434\u0435\u043d\u0438\u044f \u043e\u0442 280 \u0433\u0440\u043d\/\u0448\u0442 2200\u00d7160\u00d7160 | 2700\u00d7160\u00d7160 3200\u00d7180\u00d7180 \u0421\u0442\u043e\u043b\u0431 \u0432\u0438\u043d\u043e\u0433\u0440\u0430\u0434\u043d\u044b\u0439 160 \u0433\u0440\u043d\/\u0448\u0442 2500\u00d790\u00d790 \u041a\u0440\u044b\u0448\u043a\u0430 \u0441\u0442\u043e\u043b\u0431\u0430 70 \u0433\u0440\u043d\/\u0448\u0442 450\u00d7450\u00d7100<a class=\"moretag\" href=\"https:\/\/longenotti.com\/?page_id=159\">Read More&#8230;<\/a><\/p>\n","protected":false},"author":1,"featured_media":0,"parent":0,"menu_order":0,"comment_status":"closed","ping_status":"closed","template":"","meta":{"footnotes":""},"class_list":["post-159","page","type-page","status-publish","hentry"],"_links":{"self":[{"href":"https:\/\/longenotti.com\/index.php?rest_route=\/wp\/v2\/pages\/159","targetHints":{"allow":["GET"]}}],"collection":[{"href":"https:\/\/longenotti.com\/index.php?rest_route=\/wp\/v2\/pages"}],"about":[{"href":"https:\/\/longenotti.com\/index.php?rest_route=\/wp\/v2\/types\/page"}],"author":[{"embeddable":true,"href":"https:\/\/longenotti.com\/index.php?rest_route=\/wp\/v2\/users\/1"}],"replies":[{"embeddable":true,"href":"https:\/\/longenotti.com\/index.php?rest_route=%2Fwp%2Fv2%2Fcomments&post=159"}],"version-history":[{"count":22,"href":"https:\/\/longenotti.com\/index.php?rest_route=\/wp\/v2\/pages\/159\/revisions"}],"predecessor-version":[{"id":607,"href":"https:\/\/longenotti.com\/index.php?rest_route=\/wp\/v2\/pages\/159\/revisions\/607"}],"wp:attachment":[{"href":"https:\/\/longenotti.com\/index.php?rest_route=%2Fwp%2Fv2%2Fmedia&parent=159"}],"curies":[{"name":"wp","href":"https:\/\/api.w.org\/{rel}","templated":true}]}}