{"id":161,"date":"2019-04-06T17:50:47","date_gmt":"2019-04-06T14:50:47","guid":{"rendered":"https:\/\/longenotti.com\/?page_id=161"},"modified":"2023-04-27T16:08:28","modified_gmt":"2023-04-27T13:08:28","slug":"%d0%ba%d0%b0%d1%82%d0%b0%d0%bb%d0%be%d0%b3-%d0%b1%d0%be%d1%80%d0%b4%d1%8e%d1%80%d1%8b%d0%bf%d0%be%d1%80%d0%b5%d0%b1%d1%80%d0%b8%d0%ba%d0%b2%d0%be%d0%b4%d0%be%d1%81%d1%82%d0%be%d0%ba","status":"publish","type":"page","link":"https:\/\/longenotti.com\/?page_id=161","title":{"rendered":"\u041a\u0430\u0442\u0430\u043b\u043e\u0433 \u0431\u043e\u0440\u0434\u044e\u0440\u044b,\u043f\u043e\u0440\u0435\u0431\u0440\u0438\u043a,\u0432\u043e\u0434\u043e\u0441\u0442\u043e\u043a"},"content":{"rendered":"\t\t<div data-elementor-type=\"post\" data-elementor-id=\"161\" class=\"elementor elementor-161\" data-elementor-settings=\"[]\">\n\t\t\t<div class=\"elementor-inner\">\n\t\t\t\t<div class=\"elementor-section-wrap\">\n\t\t\t\t\t\t\t<section class=\"elementor-element elementor-element-5a16e18 elementor-section-boxed elementor-section-height-default elementor-section-height-default elementor-section elementor-top-section\" data-id=\"5a16e18\" data-element_type=\"section\">\n\t\t\t\t\t\t<div class=\"elementor-container elementor-column-gap-default\">\n\t\t\t\t<div class=\"elementor-row\">\n\t\t\t\t<div class=\"elementor-element elementor-element-c6aea20 elementor-column elementor-col-100 elementor-top-column\" data-id=\"c6aea20\" data-element_type=\"column\">\n\t\t\t<div class=\"elementor-column-wrap  elementor-element-populated\">\n\t\t\t\t\t<div class=\"elementor-widget-wrap\">\n\t\t\t\t<div class=\"elementor-element elementor-element-99865c0 elementor-widget elementor-widget-spacer\" data-id=\"99865c0\" data-element_type=\"widget\" data-widget_type=\"spacer.default\">\n\t\t\t\t<div class=\"elementor-widget-container\">\n\t\t\t\t\t<div class=\"elementor-spacer\">\n\t\t\t<div class=\"elementor-spacer-inner\"><\/div>\n\t\t<\/div>\n\t\t\t\t<\/div>\n\t\t\t\t<\/div>\n\t\t\t\t\t\t<\/div>\n\t\t\t<\/div>\n\t\t<\/div>\n\t\t\t\t\t\t<\/div>\n\t\t\t<\/div>\n\t\t<\/section>\n\t\t\t\t<section class=\"elementor-element elementor-element-84950a0 elementor-section-boxed elementor-section-height-default elementor-section-height-default elementor-section elementor-top-section\" data-id=\"84950a0\" data-element_type=\"section\">\n\t\t\t\t\t\t<div class=\"elementor-container elementor-column-gap-default\">\n\t\t\t\t<div class=\"elementor-row\">\n\t\t\t\t<div class=\"elementor-element elementor-element-efd220e elementor-column elementor-col-100 elementor-top-column\" data-id=\"efd220e\" data-element_type=\"column\">\n\t\t\t<div class=\"elementor-column-wrap  elementor-element-populated\">\n\t\t\t\t\t<div class=\"elementor-widget-wrap\">\n\t\t\t\t<div class=\"elementor-element elementor-element-640f741 elementor-widget elementor-widget-heading\" data-id=\"640f741\" data-element_type=\"widget\" data-widget_type=\"heading.default\">\n\t\t\t\t<div class=\"elementor-widget-container\">\n\t\t\t<h2 class=\"elementor-heading-title elementor-size-default\">\u041a\u0410\u0422\u0410\u041b\u041e\u0413 \u0411\u041e\u0420\u0414\u042e\u0420 | \u041f\u041e\u0420\u0415\u0411\u0420\u0418\u041a | \u0412\u041e\u0414\u041e\u0421\u0422\u041e\u041a<\/h2>\t\t<\/div>\n\t\t\t\t<\/div>\n\t\t\t\t\t\t<\/div>\n\t\t\t<\/div>\n\t\t<\/div>\n\t\t\t\t\t\t<\/div>\n\t\t\t<\/div>\n\t\t<\/section>\n\t\t\t\t<section class=\"elementor-element elementor-element-2272111 elementor-section-boxed elementor-section-height-default elementor-section-height-default elementor-section elementor-top-section\" data-id=\"2272111\" data-element_type=\"section\">\n\t\t\t\t\t\t<div class=\"elementor-container elementor-column-gap-default\">\n\t\t\t\t<div class=\"elementor-row\">\n\t\t\t\t<div class=\"elementor-element elementor-element-4f7293e elementor-column elementor-col-100 elementor-top-column\" data-id=\"4f7293e\" data-element_type=\"column\">\n\t\t\t<div class=\"elementor-column-wrap  elementor-element-populated\">\n\t\t\t\t\t<div class=\"elementor-widget-wrap\">\n\t\t\t\t<div class=\"elementor-element elementor-element-63da361 elementor-widget elementor-widget-spacer\" data-id=\"63da361\" data-element_type=\"widget\" data-widget_type=\"spacer.default\">\n\t\t\t\t<div class=\"elementor-widget-container\">\n\t\t\t\t\t<div class=\"elementor-spacer\">\n\t\t\t<div class=\"elementor-spacer-inner\"><\/div>\n\t\t<\/div>\n\t\t\t\t<\/div>\n\t\t\t\t<\/div>\n\t\t\t\t\t\t<\/div>\n\t\t\t<\/div>\n\t\t<\/div>\n\t\t\t\t\t\t<\/div>\n\t\t\t<\/div>\n\t\t<\/section>\n\t\t\t\t<section class=\"elementor-element elementor-element-797548a elementor-section-boxed elementor-section-height-default elementor-section-height-default elementor-section elementor-top-section\" data-id=\"797548a\" data-element_type=\"section\">\n\t\t\t\t\t\t<div class=\"elementor-container elementor-column-gap-default\">\n\t\t\t\t<div class=\"elementor-row\">\n\t\t\t\t<div class=\"elementor-element elementor-element-f1c9c4e elementor-column elementor-col-33 elementor-top-column\" data-id=\"f1c9c4e\" data-element_type=\"column\">\n\t\t\t<div class=\"elementor-column-wrap  elementor-element-populated\">\n\t\t\t\t\t<div class=\"elementor-widget-wrap\">\n\t\t\t\t<div class=\"elementor-element elementor-element-512c169 elementor-widget elementor-widget-heading\" data-id=\"512c169\" data-element_type=\"widget\" data-widget_type=\"heading.default\">\n\t\t\t\t<div class=\"elementor-widget-container\">\n\t\t\t<h2 class=\"elementor-heading-title elementor-size-default\">\u0411\u043e\u0440\u0434\u044e\u0440 \u0434\u043e\u0440\u043e\u0436\u043d\u044b\u0439<\/h2>\t\t<\/div>\n\t\t\t\t<\/div>\n\t\t\t\t<div class=\"elementor-element elementor-element-1055a58 elementor-position-top elementor-vertical-align-top elementor-widget elementor-widget-image-box\" data-id=\"1055a58\" data-element_type=\"widget\" data-widget_type=\"image-box.default\">\n\t\t\t\t<div class=\"elementor-widget-container\">\n\t\t\t<div class=\"elementor-image-box-wrapper\"><figure class=\"elementor-image-box-img\"><img loading=\"lazy\" decoding=\"async\" width=\"250\" height=\"149\" src=\"https:\/\/longenotti.com\/wp-content\/uploads\/2019\/04\/\u0411\u043e\u0440\u0434\u044e\u0440-\u0434\u043e\u0440\u043e\u0436\u043d\u044b\u0439-\u0414\u043d\u0435\u043f\u0440.png\" class=\"attachment-full size-full\" alt=\"\" \/><\/figure><div class=\"elementor-image-box-content\"><h2 class=\"elementor-image-box-title\">270 \u0433\u0440\u043d\/\u043c.\u043f<\/h2><p class=\"elementor-image-box-description\">1000\u00d7300\u00d7150 | 3000\u00d7300\u00d7150<\/p><\/div><\/div>\t\t<\/div>\n\t\t\t\t<\/div>\n\t\t\t\t\t\t<\/div>\n\t\t\t<\/div>\n\t\t<\/div>\n\t\t\t\t<div class=\"elementor-element elementor-element-84fd8d2 elementor-column elementor-col-33 elementor-top-column\" data-id=\"84fd8d2\" data-element_type=\"column\">\n\t\t\t<div class=\"elementor-column-wrap  elementor-element-populated\">\n\t\t\t\t\t<div class=\"elementor-widget-wrap\">\n\t\t\t\t<div class=\"elementor-element elementor-element-e879629 elementor-widget elementor-widget-heading\" data-id=\"e879629\" data-element_type=\"widget\" data-widget_type=\"heading.default\">\n\t\t\t\t<div class=\"elementor-widget-container\">\n\t\t\t<h2 class=\"elementor-heading-title elementor-size-default\">\u041f\u043e\u0440\u0435\u0431\u0440\u0438\u043a <\/h2>\t\t<\/div>\n\t\t\t\t<\/div>\n\t\t\t\t<div class=\"elementor-element elementor-element-678f541 elementor-position-top elementor-vertical-align-top elementor-widget elementor-widget-image-box\" data-id=\"678f541\" data-element_type=\"widget\" data-widget_type=\"image-box.default\">\n\t\t\t\t<div class=\"elementor-widget-container\">\n\t\t\t<div class=\"elementor-image-box-wrapper\"><figure class=\"elementor-image-box-img\"><img loading=\"lazy\" decoding=\"async\" width=\"250\" height=\"149\" src=\"https:\/\/longenotti.com\/wp-content\/uploads\/2019\/04\/\u041f\u043e\u0440\u0435\u0431\u0440\u0438\u043a-\u0442\u0440\u043e\u0442\u0443\u0430\u0440\u043d\u044b\u0439-\u0414\u043d\u0435\u043f\u0440.png\" class=\"attachment-full size-full\" alt=\"\" \/><\/figure><div class=\"elementor-image-box-content\"><h2 class=\"elementor-image-box-title\">\u043e\u0442 45 \u0433\u0440\u043d\/\u0448\u0442 <\/h2><p class=\"elementor-image-box-description\">1000\u00d7200\u00d780 | 500\u00d7210\u00d760  500\u00d7210\u00d745 | 500\u00d7210\u00d737<\/p><\/div><\/div>\t\t<\/div>\n\t\t\t\t<\/div>\n\t\t\t\t\t\t<\/div>\n\t\t\t<\/div>\n\t\t<\/div>\n\t\t\t\t<div class=\"elementor-element elementor-element-ac672db elementor-column elementor-col-33 elementor-top-column\" data-id=\"ac672db\" data-element_type=\"column\">\n\t\t\t<div class=\"elementor-column-wrap  elementor-element-populated\">\n\t\t\t\t\t<div class=\"elementor-widget-wrap\">\n\t\t\t\t<div class=\"elementor-element elementor-element-e40378b elementor-widget elementor-widget-heading\" data-id=\"e40378b\" data-element_type=\"widget\" data-widget_type=\"heading.default\">\n\t\t\t\t<div class=\"elementor-widget-container\">\n\t\t\t<h2 class=\"elementor-heading-title elementor-size-default\">\u0412\u043e\u0434\u043e\u0441\u0442\u043e\u043a<\/h2>\t\t<\/div>\n\t\t\t\t<\/div>\n\t\t\t\t<div class=\"elementor-element elementor-element-bb1c5f9 elementor-position-top elementor-vertical-align-top elementor-widget elementor-widget-image-box\" data-id=\"bb1c5f9\" data-element_type=\"widget\" data-widget_type=\"image-box.default\">\n\t\t\t\t<div class=\"elementor-widget-container\">\n\t\t\t<div class=\"elementor-image-box-wrapper\"><figure class=\"elementor-image-box-img\"><img loading=\"lazy\" decoding=\"async\" width=\"250\" height=\"149\" src=\"https:\/\/longenotti.com\/wp-content\/uploads\/2019\/04\/\u0412\u043e\u0434\u043e\u0441\u0442\u043e\u043a-\u0414\u043d\u0435\u043f\u0440.png\" class=\"attachment-full size-full\" alt=\"\" \/><\/figure><div class=\"elementor-image-box-content\"><h2 class=\"elementor-image-box-title\">\u043e\u0442 35 \u0433\u0440\u043d\/\u0448\u0442<\/h2><p class=\"elementor-image-box-description\">1000\u00d7180\u00d780 | 250\u00d7160\u00d760<\/p><\/div><\/div>\t\t<\/div>\n\t\t\t\t<\/div>\n\t\t\t\t\t\t<\/div>\n\t\t\t<\/div>\n\t\t<\/div>\n\t\t\t\t\t\t<\/div>\n\t\t\t<\/div>\n\t\t<\/section>\n\t\t\t\t<section class=\"elementor-element elementor-element-8d744ea elementor-section-boxed elementor-section-height-default elementor-section-height-default elementor-section elementor-top-section\" data-id=\"8d744ea\" data-element_type=\"section\">\n\t\t\t\t\t\t<div class=\"elementor-container elementor-column-gap-default\">\n\t\t\t\t<div class=\"elementor-row\">\n\t\t\t\t<div class=\"elementor-element elementor-element-34ef760 elementor-column elementor-col-100 elementor-top-column\" data-id=\"34ef760\" data-element_type=\"column\">\n\t\t\t<div class=\"elementor-column-wrap  elementor-element-populated\">\n\t\t\t\t\t<div class=\"elementor-widget-wrap\">\n\t\t\t\t<div class=\"elementor-element elementor-element-97f9045 elementor-widget elementor-widget-spacer\" data-id=\"97f9045\" data-element_type=\"widget\" data-widget_type=\"spacer.default\">\n\t\t\t\t<div class=\"elementor-widget-container\">\n\t\t\t\t\t<div class=\"elementor-spacer\">\n\t\t\t<div class=\"elementor-spacer-inner\"><\/div>\n\t\t<\/div>\n\t\t\t\t<\/div>\n\t\t\t\t<\/div>\n\t\t\t\t\t\t<\/div>\n\t\t\t<\/div>\n\t\t<\/div>\n\t\t\t\t\t\t<\/div>\n\t\t\t<\/div>\n\t\t<\/section>\n\t\t\t\t<section class=\"elementor-element elementor-element-fc84a9c elementor-section-boxed elementor-section-height-default elementor-section-height-default elementor-section elementor-top-section\" data-id=\"fc84a9c\" data-element_type=\"section\">\n\t\t\t\t\t\t<div class=\"elementor-container elementor-column-gap-default\">\n\t\t\t\t<div class=\"elementor-row\">\n\t\t\t\t<div class=\"elementor-element elementor-element-6035700 elementor-column elementor-col-33 elementor-top-column\" data-id=\"6035700\" data-element_type=\"column\">\n\t\t\t<div class=\"elementor-column-wrap\">\n\t\t\t\t\t<div class=\"elementor-widget-wrap\">\n\t\t\t\t\t\t<\/div>\n\t\t\t<\/div>\n\t\t<\/div>\n\t\t\t\t<div class=\"elementor-element elementor-element-ddb2ec9 elementor-column elementor-col-33 elementor-top-column\" data-id=\"ddb2ec9\" data-element_type=\"column\">\n\t\t\t<div class=\"elementor-column-wrap  elementor-element-populated\">\n\t\t\t\t\t<div class=\"elementor-widget-wrap\">\n\t\t\t\t<div class=\"elementor-element elementor-element-4545991 elementor-widget elementor-widget-heading\" data-id=\"4545991\" data-element_type=\"widget\" data-widget_type=\"heading.default\">\n\t\t\t\t<div class=\"elementor-widget-container\">\n\t\t\t<h2 class=\"elementor-heading-title elementor-size-default\">\u0411\u043e\u0440\u0434\u044e\u0440 \u0440\u0430\u0434\u0438\u0443\u0441\u043d\u044b\u0439<\/h2>\t\t<\/div>\n\t\t\t\t<\/div>\n\t\t\t\t<div class=\"elementor-element elementor-element-2e41ec4 elementor-position-top elementor-vertical-align-top elementor-widget elementor-widget-image-box\" data-id=\"2e41ec4\" data-element_type=\"widget\" data-widget_type=\"image-box.default\">\n\t\t\t\t<div class=\"elementor-widget-container\">\n\t\t\t<div class=\"elementor-image-box-wrapper\"><figure class=\"elementor-image-box-img\"><img loading=\"lazy\" decoding=\"async\" width=\"250\" height=\"149\" src=\"https:\/\/longenotti.com\/wp-content\/uploads\/2019\/04\/\u0411\u043e\u0440\u0434\u044e\u0440-\u0440\u0430\u0434\u0438\u0443\u0441\u043d\u044b\u0439-\u0414\u043d\u0435\u043f\u0440.png\" class=\"attachment-full size-full\" alt=\"\" \/><\/figure><div class=\"elementor-image-box-content\"><h2 class=\"elementor-image-box-title\">275 \u0433\u0440\u043d\/\u0448\u0442<\/h2><p class=\"elementor-image-box-description\">1200\u00d7300\u00d7150<\/p><\/div><\/div>\t\t<\/div>\n\t\t\t\t<\/div>\n\t\t\t\t\t\t<\/div>\n\t\t\t<\/div>\n\t\t<\/div>\n\t\t\t\t<div class=\"elementor-element elementor-element-c53bd4f elementor-column elementor-col-33 elementor-top-column\" data-id=\"c53bd4f\" data-element_type=\"column\">\n\t\t\t<div class=\"elementor-column-wrap\">\n\t\t\t\t\t<div class=\"elementor-widget-wrap\">\n\t\t\t\t\t\t<\/div>\n\t\t\t<\/div>\n\t\t<\/div>\n\t\t\t\t\t\t<\/div>\n\t\t\t<\/div>\n\t\t<\/section>\n\t\t\t\t<section class=\"elementor-element elementor-element-d44409d elementor-section-boxed elementor-section-height-default elementor-section-height-default elementor-section elementor-top-section\" data-id=\"d44409d\" data-element_type=\"section\">\n\t\t\t\t\t\t<div class=\"elementor-container elementor-column-gap-default\">\n\t\t\t\t<div class=\"elementor-row\">\n\t\t\t\t<div class=\"elementor-element elementor-element-a89f110 elementor-column elementor-col-100 elementor-top-column\" data-id=\"a89f110\" data-element_type=\"column\">\n\t\t\t<div class=\"elementor-column-wrap  elementor-element-populated\">\n\t\t\t\t\t<div class=\"elementor-widget-wrap\">\n\t\t\t\t<div class=\"elementor-element elementor-element-1f02aec elementor-widget elementor-widget-spacer\" data-id=\"1f02aec\" data-element_type=\"widget\" data-widget_type=\"spacer.default\">\n\t\t\t\t<div class=\"elementor-widget-container\">\n\t\t\t\t\t<div class=\"elementor-spacer\">\n\t\t\t<div class=\"elementor-spacer-inner\"><\/div>\n\t\t<\/div>\n\t\t\t\t<\/div>\n\t\t\t\t<\/div>\n\t\t\t\t\t\t<\/div>\n\t\t\t<\/div>\n\t\t<\/div>\n\t\t\t\t\t\t<\/div>\n\t\t\t<\/div>\n\t\t<\/section>\n\t\t\t\t<section class=\"elementor-element elementor-element-2b85644 elementor-section-boxed elementor-section-height-default elementor-section-height-default elementor-section elementor-top-section\" data-id=\"2b85644\" data-element_type=\"section\">\n\t\t\t\t\t\t<div class=\"elementor-container elementor-column-gap-default\">\n\t\t\t\t<div class=\"elementor-row\">\n\t\t\t\t<div class=\"elementor-element elementor-element-9e2b614 elementor-column elementor-col-100 elementor-top-column\" data-id=\"9e2b614\" data-element_type=\"column\">\n\t\t\t<div class=\"elementor-column-wrap  elementor-element-populated\">\n\t\t\t\t\t<div class=\"elementor-widget-wrap\">\n\t\t\t\t<div class=\"elementor-element elementor-element-e3ce1aa elementor-widget elementor-widget-text-editor\" data-id=\"e3ce1aa\" data-element_type=\"widget\" data-widget_type=\"text-editor.default\">\n\t\t\t\t<div class=\"elementor-widget-container\">\n\t\t\t\t\t<div class=\"elementor-text-editor elementor-clearfix\"><h5>\u0411\u043e\u0440\u0434\u044e\u0440 \u0434\u043e\u0440\u043e\u0436\u043d\u044b\u0439 &#8212; \u0441\u0442\u0440\u043e\u0438\u0442\u0435\u043b\u044c\u043d\u044b\u0439 \u044d\u043b\u0435\u043c\u0435\u043d\u0442 \u0434\u043b\u044f \u043c\u043e\u0449\u0435\u043d\u0438\u044f \u0434\u043e\u0440\u043e\u0433 \u0438 \u0440\u0430\u0437\u0434\u0435\u043b\u0435\u043d\u0438\u044f \u0443\u043b\u0438\u0446. \u041c\u041a\u041f &#171;\u041b\u043e\u043d\u0436\u0435\u043d\u043e\u0442\u0442\u0438&#187; \u0432 \u0414\u043d\u0435\u043f\u0440\u0435\u00a0 \u0438\u0437\u0433\u043e\u0442\u0430\u0432\u043b\u0438\u0432\u0430\u0435\u0442 \u0431\u043e\u0440\u0434\u044e\u0440\u044b \u043c\u0435\u0442\u043e\u0434\u043e\u043c \u0432\u0438\u0431\u0440\u043e\u043b\u0438\u0442\u044c\u044f. \u041f\u043e\u0440\u0435\u0431\u0440\u0438\u043a \u0442\u0440\u043e\u0442\u0443\u0430\u0440\u043d\u044b\u0439 &#8212; \u044d\u0442\u043e \u044d\u043b\u0435\u043c\u0435\u043d\u0442 \u0441\u043b\u0443\u0436\u0430\u0449\u0438\u0439 \u0440\u0430\u0437\u0434\u0435\u043b\u0438\u0442\u0438\u043b\u0435\u043c \u0434\u043e\u0440\u043e\u0436\u0435\u043a \u0438 \u0433\u0440\u0430\u043d\u0438\u0446\u0435\u0439 \u0442\u0440\u043e\u0442\u0443\u0430\u0440\u043d\u043e\u0439 \u043f\u043b\u0438\u0442\u043a\u0438. \u041c\u041a\u041f &#171;\u041b\u043e\u043d\u0436\u0435\u043d\u043e\u0442\u0442\u0438&#187; \u0432 \u0414\u043d\u0435\u043f\u0440\u0435 \u0438\u0437\u0433\u043e\u0442\u0430\u0432\u043b\u0438\u0432\u0430\u0435\u0442 \u043f\u043e\u0440\u0435\u0431\u0440\u0438\u043a \u043c\u0435\u0442\u043e\u0434\u043e\u043c \u0432\u0438\u0431\u0440\u043e\u043b\u0438\u0442\u044c\u044f \u0438 \u0432\u0438\u0431\u0440\u043e\u043f\u0440\u0435\u0441\u0441\u043e\u0432\u0430\u043d\u0438\u044f. \u0422\u0440\u043e\u0442\u0443\u0430\u0440\u043d\u044b\u0439 \u0432\u043e\u0434\u043e\u0441\u0442\u043e\u043a \u0443\u043a\u043b\u0430\u0434\u044b\u0432\u0430\u0435\u0442\u0441\u044f \u043f\u043e \u043a\u0440\u0430\u044f\u043c \u0434\u043e\u0440\u043e\u0436\u043a\u0438, \u043a\u043e\u0442\u043e\u0440\u0430\u044f \u0438\u043c\u0435\u0435\u0442 \u043d\u0435\u0431\u043e\u043b\u044c\u0448\u043e\u0439 \u043d\u0430\u043a\u043b\u043e\u043d \u0438 \u0441\u043f\u043e\u0441\u043e\u0431\u0441\u0442\u0432\u0443\u0435\u0442 \u0441\u0442\u0435\u043a\u0430\u043d\u0438\u044e \u0432\u043e\u0434\u044b \u0441 \u0442\u0440\u043e\u0442\u0443\u0430\u0440\u043e\u0432 \u0438 \u043f\u043b\u043e\u0449\u0430\u0434\u043e\u043a. \u041c\u041a\u041f &#171;\u041b\u043e\u043d\u0436\u0435\u043d\u043e\u0442\u0442\u0438 \u0438\u0437\u0433\u043e\u0442\u0430\u0432\u043b\u0438\u0432\u0430\u0435\u0442 \u0432\u043e\u0434\u043e\u0441\u0442\u043e\u043a\u0438 \u043c\u0435\u0442\u043e\u0434\u043e\u043c \u0432\u0438\u0431\u0440\u043e\u043b\u0438\u0442\u044c\u044f.<\/h5><\/div>\n\t\t\t\t<\/div>\n\t\t\t\t<\/div>\n\t\t\t\t\t\t<\/div>\n\t\t\t<\/div>\n\t\t<\/div>\n\t\t\t\t\t\t<\/div>\n\t\t\t<\/div>\n\t\t<\/section>\n\t\t\t\t<section class=\"elementor-element elementor-element-146800c elementor-section-boxed elementor-section-height-default elementor-section-height-default elementor-section elementor-top-section\" data-id=\"146800c\" data-element_type=\"section\">\n\t\t\t\t\t\t<div class=\"elementor-container elementor-column-gap-default\">\n\t\t\t\t<div class=\"elementor-row\">\n\t\t\t\t<div class=\"elementor-element elementor-element-56021da elementor-column elementor-col-100 elementor-top-column\" data-id=\"56021da\" data-element_type=\"column\">\n\t\t\t<div class=\"elementor-column-wrap  elementor-element-populated\">\n\t\t\t\t\t<div class=\"elementor-widget-wrap\">\n\t\t\t\t<div class=\"elementor-element elementor-element-a58bd1c elementor-widget elementor-widget-spacer\" data-id=\"a58bd1c\" data-element_type=\"widget\" data-widget_type=\"spacer.default\">\n\t\t\t\t<div class=\"elementor-widget-container\">\n\t\t\t\t\t<div class=\"elementor-spacer\">\n\t\t\t<div class=\"elementor-spacer-inner\"><\/div>\n\t\t<\/div>\n\t\t\t\t<\/div>\n\t\t\t\t<\/div>\n\t\t\t\t\t\t<\/div>\n\t\t\t<\/div>\n\t\t<\/div>\n\t\t\t\t\t\t<\/div>\n\t\t\t<\/div>\n\t\t<\/section>\n\t\t\t\t\t\t<\/div>\n\t\t\t<\/div>\n\t\t<\/div>\n\t\t","protected":false},"excerpt":{"rendered":"<p>\u041a\u0410\u0422\u0410\u041b\u041e\u0413 \u0411\u041e\u0420\u0414\u042e\u0420 | \u041f\u041e\u0420\u0415\u0411\u0420\u0418\u041a | \u0412\u041e\u0414\u041e\u0421\u0422\u041e\u041a \u0411\u043e\u0440\u0434\u044e\u0440 \u0434\u043e\u0440\u043e\u0436\u043d\u044b\u0439 270 \u0433\u0440\u043d\/\u043c.\u043f 1000\u00d7300\u00d7150 | 3000\u00d7300\u00d7150 \u041f\u043e\u0440\u0435\u0431\u0440\u0438\u043a \u043e\u0442 45 \u0433\u0440\u043d\/\u0448\u0442 1000\u00d7200\u00d780 | 500\u00d7210\u00d760 500\u00d7210\u00d745 | 500\u00d7210\u00d737 \u0412\u043e\u0434\u043e\u0441\u0442\u043e\u043a \u043e\u0442 35 \u0433\u0440\u043d\/\u0448\u0442 1000\u00d7180\u00d780 | 250\u00d7160\u00d760 \u0411\u043e\u0440\u0434\u044e\u0440 \u0440\u0430\u0434\u0438\u0443\u0441\u043d\u044b\u0439<a class=\"moretag\" href=\"https:\/\/longenotti.com\/?page_id=161\">Read More&#8230;<\/a><\/p>\n","protected":false},"author":1,"featured_media":0,"parent":0,"menu_order":0,"comment_status":"closed","ping_status":"closed","template":"","meta":{"footnotes":""},"class_list":["post-161","page","type-page","status-publish","hentry"],"_links":{"self":[{"href":"https:\/\/longenotti.com\/index.php?rest_route=\/wp\/v2\/pages\/161","targetHints":{"allow":["GET"]}}],"collection":[{"href":"https:\/\/longenotti.com\/index.php?rest_route=\/wp\/v2\/pages"}],"about":[{"href":"https:\/\/longenotti.com\/index.php?rest_route=\/wp\/v2\/types\/page"}],"author":[{"embeddable":true,"href":"https:\/\/longenotti.com\/index.php?rest_route=\/wp\/v2\/users\/1"}],"replies":[{"embeddable":true,"href":"https:\/\/longenotti.com\/index.php?rest_route=%2Fwp%2Fv2%2Fcomments&post=161"}],"version-history":[{"count":19,"href":"https:\/\/longenotti.com\/index.php?rest_route=\/wp\/v2\/pages\/161\/revisions"}],"predecessor-version":[{"id":606,"href":"https:\/\/longenotti.com\/index.php?rest_route=\/wp\/v2\/pages\/161\/revisions\/606"}],"wp:attachment":[{"href":"https:\/\/longenotti.com\/index.php?rest_route=%2Fwp%2Fv2%2Fmedia&parent=161"}],"curies":[{"name":"wp","href":"https:\/\/api.w.org\/{rel}","templated":true}]}}