{"id":181,"date":"2019-04-06T18:51:15","date_gmt":"2019-04-06T15:51:15","guid":{"rendered":"https:\/\/longenotti.com\/?page_id=181"},"modified":"2019-04-08T00:13:26","modified_gmt":"2019-04-07T21:13:26","slug":"%d0%ba%d0%b0%d1%82%d0%b0%d0%bb%d0%be%d0%b3-%d0%bf%d0%b5%d1%80%d0%b5%d0%bc%d1%8b%d1%87%d0%b5%d0%ba","status":"publish","type":"page","link":"https:\/\/longenotti.com\/?page_id=181","title":{"rendered":"\u041a\u0430\u0442\u0430\u043b\u043e\u0433 \u043f\u0435\u0440\u0435\u043c\u044b\u0447\u0435\u043a"},"content":{"rendered":"\t\t<div data-elementor-type=\"post\" data-elementor-id=\"181\" class=\"elementor elementor-181\" data-elementor-settings=\"[]\">\n\t\t\t<div class=\"elementor-inner\">\n\t\t\t\t<div class=\"elementor-section-wrap\">\n\t\t\t\t\t\t\t<section class=\"elementor-element elementor-element-9095b44 elementor-section-boxed elementor-section-height-default elementor-section-height-default elementor-section elementor-top-section\" data-id=\"9095b44\" data-element_type=\"section\">\n\t\t\t\t\t\t<div class=\"elementor-container elementor-column-gap-default\">\n\t\t\t\t<div class=\"elementor-row\">\n\t\t\t\t<div class=\"elementor-element elementor-element-554220d elementor-column elementor-col-100 elementor-top-column\" data-id=\"554220d\" data-element_type=\"column\">\n\t\t\t<div class=\"elementor-column-wrap  elementor-element-populated\">\n\t\t\t\t\t<div class=\"elementor-widget-wrap\">\n\t\t\t\t<div class=\"elementor-element elementor-element-5879e33 elementor-widget elementor-widget-spacer\" data-id=\"5879e33\" data-element_type=\"widget\" data-widget_type=\"spacer.default\">\n\t\t\t\t<div class=\"elementor-widget-container\">\n\t\t\t\t\t<div class=\"elementor-spacer\">\n\t\t\t<div class=\"elementor-spacer-inner\"><\/div>\n\t\t<\/div>\n\t\t\t\t<\/div>\n\t\t\t\t<\/div>\n\t\t\t\t\t\t<\/div>\n\t\t\t<\/div>\n\t\t<\/div>\n\t\t\t\t\t\t<\/div>\n\t\t\t<\/div>\n\t\t<\/section>\n\t\t\t\t<section class=\"elementor-element elementor-element-ba087b2 elementor-section-boxed elementor-section-height-default elementor-section-height-default elementor-section elementor-top-section\" data-id=\"ba087b2\" data-element_type=\"section\">\n\t\t\t\t\t\t<div class=\"elementor-container elementor-column-gap-default\">\n\t\t\t\t<div class=\"elementor-row\">\n\t\t\t\t<div class=\"elementor-element elementor-element-597bdb2 elementor-column elementor-col-100 elementor-top-column\" data-id=\"597bdb2\" data-element_type=\"column\">\n\t\t\t<div class=\"elementor-column-wrap  elementor-element-populated\">\n\t\t\t\t\t<div class=\"elementor-widget-wrap\">\n\t\t\t\t<div class=\"elementor-element elementor-element-ba2348b elementor-widget elementor-widget-heading\" data-id=\"ba2348b\" data-element_type=\"widget\" data-widget_type=\"heading.default\">\n\t\t\t\t<div class=\"elementor-widget-container\">\n\t\t\t<h2 class=\"elementor-heading-title elementor-size-default\">\u041a\u0410\u0422\u0410\u041b\u041e\u0413 \u041f\u0415\u0420\u0415\u041c\u042b\u0427\u0415\u041a<\/h2>\t\t<\/div>\n\t\t\t\t<\/div>\n\t\t\t\t\t\t<\/div>\n\t\t\t<\/div>\n\t\t<\/div>\n\t\t\t\t\t\t<\/div>\n\t\t\t<\/div>\n\t\t<\/section>\n\t\t\t\t<section class=\"elementor-element elementor-element-4c7ce2e elementor-section-boxed elementor-section-height-default elementor-section-height-default elementor-section elementor-top-section\" data-id=\"4c7ce2e\" data-element_type=\"section\">\n\t\t\t\t\t\t<div class=\"elementor-container elementor-column-gap-default\">\n\t\t\t\t<div class=\"elementor-row\">\n\t\t\t\t<div class=\"elementor-element elementor-element-8bdc97c elementor-column elementor-col-100 elementor-top-column\" data-id=\"8bdc97c\" data-element_type=\"column\">\n\t\t\t<div class=\"elementor-column-wrap  elementor-element-populated\">\n\t\t\t\t\t<div class=\"elementor-widget-wrap\">\n\t\t\t\t<div class=\"elementor-element elementor-element-dd27463 elementor-widget elementor-widget-spacer\" data-id=\"dd27463\" data-element_type=\"widget\" data-widget_type=\"spacer.default\">\n\t\t\t\t<div class=\"elementor-widget-container\">\n\t\t\t\t\t<div class=\"elementor-spacer\">\n\t\t\t<div class=\"elementor-spacer-inner\"><\/div>\n\t\t<\/div>\n\t\t\t\t<\/div>\n\t\t\t\t<\/div>\n\t\t\t\t\t\t<\/div>\n\t\t\t<\/div>\n\t\t<\/div>\n\t\t\t\t\t\t<\/div>\n\t\t\t<\/div>\n\t\t<\/section>\n\t\t\t\t<section class=\"elementor-element elementor-element-dc44370 elementor-section-boxed elementor-section-height-default elementor-section-height-default elementor-section elementor-top-section\" data-id=\"dc44370\" data-element_type=\"section\">\n\t\t\t\t\t\t<div class=\"elementor-container elementor-column-gap-default\">\n\t\t\t\t<div class=\"elementor-row\">\n\t\t\t\t<div class=\"elementor-element elementor-element-15f4a93 elementor-column elementor-col-50 elementor-top-column\" data-id=\"15f4a93\" data-element_type=\"column\">\n\t\t\t<div class=\"elementor-column-wrap  elementor-element-populated\">\n\t\t\t\t\t<div class=\"elementor-widget-wrap\">\n\t\t\t\t<div class=\"elementor-element elementor-element-2ceb3ae elementor-widget elementor-widget-heading\" data-id=\"2ceb3ae\" data-element_type=\"widget\" data-widget_type=\"heading.default\">\n\t\t\t\t<div class=\"elementor-widget-container\">\n\t\t\t<h2 class=\"elementor-heading-title elementor-size-default\">\u041f\u0435\u0440\u0435\u043c\u044b\u0447\u043a\u0430 \u0431\u0440\u0443\u0441\u043a\u043e\u0432\u0430\u044f<\/h2>\t\t<\/div>\n\t\t\t\t<\/div>\n\t\t\t\t<div class=\"elementor-element elementor-element-629c99e elementor-position-top elementor-vertical-align-top elementor-widget elementor-widget-image-box\" data-id=\"629c99e\" data-element_type=\"widget\" data-widget_type=\"image-box.default\">\n\t\t\t\t<div class=\"elementor-widget-container\">\n\t\t\t<div class=\"elementor-image-box-wrapper\"><figure class=\"elementor-image-box-img\"><img loading=\"lazy\" decoding=\"async\" width=\"500\" height=\"149\" src=\"https:\/\/longenotti.com\/wp-content\/uploads\/2019\/04\/\u041f\u0435\u0440\u0435\u043c\u044b\u0447\u043a\u0438-\u0431\u0440\u0443\u0441\u043a\u043e\u0432\u044b\u0435-\u0414\u043d\u0435\u043f\u0440.png\" class=\"attachment-full size-full\" alt=\"\" srcset=\"https:\/\/longenotti.com\/wp-content\/uploads\/2019\/04\/\u041f\u0435\u0440\u0435\u043c\u044b\u0447\u043a\u0438-\u0431\u0440\u0443\u0441\u043a\u043e\u0432\u044b\u0435-\u0414\u043d\u0435\u043f\u0440.png 500w, https:\/\/longenotti.com\/wp-content\/uploads\/2019\/04\/\u041f\u0435\u0440\u0435\u043c\u044b\u0447\u043a\u0438-\u0431\u0440\u0443\u0441\u043a\u043e\u0432\u044b\u0435-\u0414\u043d\u0435\u043f\u0440-300x89.png 300w\" sizes=\"auto, (max-width: 500px) 100vw, 500px\" \/><\/figure><div class=\"elementor-image-box-content\"><h2 class=\"elementor-image-box-title\">\u0414\u043e\u0433\u043e\u0432\u043e\u0440\u043d\u0430\u044f<\/h2><p class=\"elementor-image-box-description\">\u041f\u043e\u043b\u043d\u044b\u0439 \u0430\u0441\u0441\u043e\u0440\u0442\u0438\u043c\u0435\u043d\u0442 \u043f\u0435\u0440\u0435\u043c\u044b\u0447\u0435\u043a \u0434\u043b\u044f \u043f\u043e\u0441\u0442\u0440\u043e\u0439\u043a\u0438 \u0436\u0438\u043b\u043e\u0433\u043e \u0434\u043e\u043c\u0430<\/p><\/div><\/div>\t\t<\/div>\n\t\t\t\t<\/div>\n\t\t\t\t\t\t<\/div>\n\t\t\t<\/div>\n\t\t<\/div>\n\t\t\t\t<div class=\"elementor-element elementor-element-4a93821 elementor-column elementor-col-50 elementor-top-column\" data-id=\"4a93821\" data-element_type=\"column\">\n\t\t\t<div class=\"elementor-column-wrap  elementor-element-populated\">\n\t\t\t\t\t<div class=\"elementor-widget-wrap\">\n\t\t\t\t<div class=\"elementor-element elementor-element-2c1a89c elementor-widget elementor-widget-heading\" data-id=\"2c1a89c\" data-element_type=\"widget\" data-widget_type=\"heading.default\">\n\t\t\t\t<div class=\"elementor-widget-container\">\n\t\t\t<h2 class=\"elementor-heading-title elementor-size-default\">\u041f\u0435\u0440\u0435\u043c\u044b\u0447\u043a\u0430 \u0448\u043b\u0430\u043a\u043e\u0431\u043b\u043e\u0447\u043d\u0430\u044f<\/h2>\t\t<\/div>\n\t\t\t\t<\/div>\n\t\t\t\t<div class=\"elementor-element elementor-element-bb6a100 elementor-position-top elementor-vertical-align-top elementor-widget elementor-widget-image-box\" data-id=\"bb6a100\" data-element_type=\"widget\" data-widget_type=\"image-box.default\">\n\t\t\t\t<div class=\"elementor-widget-container\">\n\t\t\t<div class=\"elementor-image-box-wrapper\"><figure class=\"elementor-image-box-img\"><img loading=\"lazy\" decoding=\"async\" width=\"500\" height=\"148\" src=\"https:\/\/longenotti.com\/wp-content\/uploads\/2019\/04\/\u041f\u0435\u0440\u0435\u043c\u044b\u0447\u043a\u0430-\u0448\u043b\u0430\u043a\u043e\u0431\u043b\u043e\u0447\u043d\u0430\u044f-\u0414\u043d\u0435\u043f\u0440.png\" class=\"attachment-full size-full\" alt=\"\" srcset=\"https:\/\/longenotti.com\/wp-content\/uploads\/2019\/04\/\u041f\u0435\u0440\u0435\u043c\u044b\u0447\u043a\u0430-\u0448\u043b\u0430\u043a\u043e\u0431\u043b\u043e\u0447\u043d\u0430\u044f-\u0414\u043d\u0435\u043f\u0440.png 500w, https:\/\/longenotti.com\/wp-content\/uploads\/2019\/04\/\u041f\u0435\u0440\u0435\u043c\u044b\u0447\u043a\u0430-\u0448\u043b\u0430\u043a\u043e\u0431\u043b\u043e\u0447\u043d\u0430\u044f-\u0414\u043d\u0435\u043f\u0440-300x89.png 300w\" sizes=\"auto, (max-width: 500px) 100vw, 500px\" \/><\/figure><div class=\"elementor-image-box-content\"><h2 class=\"elementor-image-box-title\">\u043e\u0442 150 \u0433\u0440\u043d\/\u0448\u0442<\/h2><p class=\"elementor-image-box-description\">1240\u00d7120\u00d790 | 1940\u00d7120\u00d790<\/p><\/div><\/div>\t\t<\/div>\n\t\t\t\t<\/div>\n\t\t\t\t\t\t<\/div>\n\t\t\t<\/div>\n\t\t<\/div>\n\t\t\t\t\t\t<\/div>\n\t\t\t<\/div>\n\t\t<\/section>\n\t\t\t\t<section class=\"elementor-element elementor-element-926aac9 elementor-section-boxed elementor-section-height-default elementor-section-height-default elementor-section elementor-top-section\" data-id=\"926aac9\" data-element_type=\"section\">\n\t\t\t\t\t\t<div class=\"elementor-container elementor-column-gap-default\">\n\t\t\t\t<div class=\"elementor-row\">\n\t\t\t\t<div class=\"elementor-element elementor-element-f6429bb elementor-column elementor-col-100 elementor-top-column\" data-id=\"f6429bb\" data-element_type=\"column\">\n\t\t\t<div class=\"elementor-column-wrap  elementor-element-populated\">\n\t\t\t\t\t<div class=\"elementor-widget-wrap\">\n\t\t\t\t<div class=\"elementor-element elementor-element-15d3076 elementor-widget elementor-widget-spacer\" data-id=\"15d3076\" data-element_type=\"widget\" data-widget_type=\"spacer.default\">\n\t\t\t\t<div class=\"elementor-widget-container\">\n\t\t\t\t\t<div class=\"elementor-spacer\">\n\t\t\t<div class=\"elementor-spacer-inner\"><\/div>\n\t\t<\/div>\n\t\t\t\t<\/div>\n\t\t\t\t<\/div>\n\t\t\t\t<div class=\"elementor-element elementor-element-be994a7 elementor-align-center elementor-widget elementor-widget-button\" data-id=\"be994a7\" data-element_type=\"widget\" data-widget_type=\"button.default\">\n\t\t\t\t<div class=\"elementor-widget-container\">\n\t\t\t\t\t<div class=\"elementor-button-wrapper\">\n\t\t\t<a href=\"https:\/\/longenotti.com\/wp-content\/uploads\/2019\/04\/\u043f\u0435\u0440\u0435\u043c\u044b\u0447\u043a\u0438-1.doc\" class=\"elementor-button-link elementor-button elementor-size-md elementor-animation-grow\" role=\"button\">\n\t\t\t\t\t\t<span class=\"elementor-button-content-wrapper\">\n\t\t\t\t\t\t<span class=\"elementor-button-icon elementor-align-icon-left\">\n\t\t\t\t<i class=\"fa fa-file\" aria-hidden=\"true\"><\/i>\n\t\t\t<\/span>\n\t\t\t\t\t\t<span class=\"elementor-button-text\">\u0421\u043a\u0430\u0447\u0430\u0442\u044c \u043f\u043e\u043b\u043d\u044b\u0439 \u0430\u0441\u0441\u043e\u0440\u0442\u0438\u043c\u0435\u043d\u0442 \u043f\u0435\u0440\u0435\u043c\u044b\u0447\u0435\u043a World<\/span>\n\t\t<\/span>\n\t\t\t\t\t<\/a>\n\t\t<\/div>\n\t\t\t\t<\/div>\n\t\t\t\t<\/div>\n\t\t\t\t<div class=\"elementor-element elementor-element-49b76c5 elementor-widget elementor-widget-spacer\" data-id=\"49b76c5\" data-element_type=\"widget\" data-widget_type=\"spacer.default\">\n\t\t\t\t<div class=\"elementor-widget-container\">\n\t\t\t\t\t<div class=\"elementor-spacer\">\n\t\t\t<div class=\"elementor-spacer-inner\"><\/div>\n\t\t<\/div>\n\t\t\t\t<\/div>\n\t\t\t\t<\/div>\n\t\t\t\t\t\t<\/div>\n\t\t\t<\/div>\n\t\t<\/div>\n\t\t\t\t\t\t<\/div>\n\t\t\t<\/div>\n\t\t<\/section>\n\t\t\t\t<section class=\"elementor-element elementor-element-2c109ba elementor-section-boxed elementor-section-height-default elementor-section-height-default elementor-section elementor-top-section\" data-id=\"2c109ba\" data-element_type=\"section\">\n\t\t\t\t\t\t<div class=\"elementor-container elementor-column-gap-default\">\n\t\t\t\t<div class=\"elementor-row\">\n\t\t\t\t<div class=\"elementor-element elementor-element-10ba511 elementor-column elementor-col-100 elementor-top-column\" data-id=\"10ba511\" data-element_type=\"column\">\n\t\t\t<div class=\"elementor-column-wrap  elementor-element-populated\">\n\t\t\t\t\t<div class=\"elementor-widget-wrap\">\n\t\t\t\t<div class=\"elementor-element elementor-element-ee2029a elementor-widget elementor-widget-text-editor\" data-id=\"ee2029a\" data-element_type=\"widget\" data-widget_type=\"text-editor.default\">\n\t\t\t\t<div class=\"elementor-widget-container\">\n\t\t\t\t\t<div class=\"elementor-text-editor elementor-clearfix\"><h5><b>\u041f\u0435\u0440\u0435\u043c\u044b\u0447\u043a\u0438 \u0431\u0440\u0443\u0441\u043a\u043e\u0432\u044b\u0435 (\u041f\u0411)<\/b> \u2013 \u043d\u0430\u0438\u0431\u043e\u043b\u0435\u0435 \u0438\u0441\u043f\u043e\u043b\u044c\u0437\u0443\u0435\u043c\u044b\u0435 \u0438\u0437\u0434\u0435\u043b\u0438\u044f \u0432 \u0441\u0442\u0440\u043e\u0438\u0442\u0435\u043b\u044c\u043d\u043e\u0439 \u0441\u0444\u0435\u0440\u0435. \u0418\u0437\u0434\u0435\u043b\u0438\u044f \u0438\u0441\u043f\u043e\u043b\u044c\u0437\u0443\u044e\u0442 \u0432 \u043d\u0435\u0441\u0443\u0449\u0438\u0445 (\u043f\u043e\u0434 \u043d\u0430\u0433\u0440\u0443\u0437\u043a\u0443 2000, 2700, 3700, 5200 \u043a\u041d\/\u043c) \u0438 \u043d\u0435\u043d\u0435\u0441\u0443\u0449\u0438\u0445 (\u043f\u043e\u0434 \u043d\u0430\u0433\u0440\u0443\u0437\u043a\u0443 100, 200, 300, 400 \u0438 800 \u043a\u041d\/\u043c) \u043a\u043e\u043d\u0441\u0442\u0440\u0443\u043a\u0446\u0438\u044f\u0445. \u041f\u0440\u043e\u0434\u0443\u043a\u0446\u0438\u044e \u043f\u0440\u0438\u043c\u0435\u043d\u044f\u044e\u0442 \u0432 \u043a\u0438\u0440\u043f\u0438\u0447\u043d\u044b\u0445 \u0441\u0442\u0440\u043e\u0435\u043d\u0438\u044f\u0445, \u0437\u0434\u0430\u043d\u0438\u044f\u0445 \u0438\u0437 \u043a\u0435\u0440\u0430\u043c\u0438\u0447\u0435\u0441\u043a\u043e\u0433\u043e \u043a\u0430\u043c\u043d\u044f, \u043c\u0435\u043b\u043a\u043e\u0431\u043b\u043e\u0447\u043d\u044b\u0445 \u043a\u043e\u043d\u0441\u0442\u0440\u0443\u043a\u0446\u0438\u044f\u0445. \u0414\u043b\u044f \u0438\u0437\u0433\u043e\u0442\u043e\u0432\u043b\u0435\u043d\u0438\u044f \u0431\u0440\u0443\u0441\u043a\u043e\u0432\u043e\u0433\u043e \u0432\u0438\u0434\u0430 \u043f\u0435\u0440\u0435\u043c\u044b\u0447\u0435\u043a \u0438\u0441\u043f\u043e\u043b\u044c\u0437\u0443\u0435\u0442\u0441\u044f \u0442\u044f\u0436\u0435\u043b\u044b\u0439 \u0431\u0435\u0442\u043e\u043d (\u043f\u043b\u043e\u0442\u043d\u043e\u0441\u0442\u044c \u043d\u0435 \u043c\u0435\u043d\u0435\u0435 2000 \u043a\u0433\/\u043c3) \u043a\u043b\u0430\u0441\u0441\u0430 \u041215. \u041c\u043e\u0449\u043d\u043e\u0441\u0442\u044c \u043d\u0430\u0433\u0440\u0443\u0437\u043a\u0438 \u0441\u043e\u0441\u0442\u0430\u0432\u043b\u044f\u0435\u0442 \u043e\u0442 100 \u0434\u043e 3700 \u043a\u0433\u0441\/\u043c. \u041f\u0440\u0435\u0434\u043f\u0440\u0438\u044f\u0442\u0438\u0435 \u041c\u041a\u041f &#171;\u041b\u043e\u043d\u0436\u0435\u043d\u043e\u0442\u0442\u0438&#187; \u0438\u0437\u0433\u043e\u0442\u0430\u0432\u043b\u0438\u0432\u0430\u0435\u0442 \u0431\u0440\u0443\u0441\u043a\u043e\u0432\u044b\u0435 \u043f\u0435\u0440\u0435\u043c\u044b\u0447\u043a\u0438 \u0432 \u0433\u043e\u0440\u043e\u0434\u0435 \u0414\u043d\u0435\u043f\u0440 (\u0414\u043d\u0435\u043f\u0440\u043e\u043f\u0435\u0442\u0440\u043e\u0432\u0441\u043a) \u0441\u043e\u0433\u043b\u0430\u0441\u043d\u043e \u0413\u041e\u0421\u0422.<\/h5><\/div>\n\t\t\t\t<\/div>\n\t\t\t\t<\/div>\n\t\t\t\t\t\t<\/div>\n\t\t\t<\/div>\n\t\t<\/div>\n\t\t\t\t\t\t<\/div>\n\t\t\t<\/div>\n\t\t<\/section>\n\t\t\t\t<section class=\"elementor-element elementor-element-93750aa elementor-section-boxed elementor-section-height-default elementor-section-height-default elementor-section elementor-top-section\" data-id=\"93750aa\" data-element_type=\"section\">\n\t\t\t\t\t\t<div class=\"elementor-container elementor-column-gap-default\">\n\t\t\t\t<div class=\"elementor-row\">\n\t\t\t\t<div class=\"elementor-element elementor-element-f8dfd68 elementor-column elementor-col-100 elementor-top-column\" data-id=\"f8dfd68\" data-element_type=\"column\">\n\t\t\t<div class=\"elementor-column-wrap  elementor-element-populated\">\n\t\t\t\t\t<div class=\"elementor-widget-wrap\">\n\t\t\t\t<div class=\"elementor-element elementor-element-e0bda31 elementor-widget elementor-widget-spacer\" data-id=\"e0bda31\" data-element_type=\"widget\" data-widget_type=\"spacer.default\">\n\t\t\t\t<div class=\"elementor-widget-container\">\n\t\t\t\t\t<div class=\"elementor-spacer\">\n\t\t\t<div class=\"elementor-spacer-inner\"><\/div>\n\t\t<\/div>\n\t\t\t\t<\/div>\n\t\t\t\t<\/div>\n\t\t\t\t\t\t<\/div>\n\t\t\t<\/div>\n\t\t<\/div>\n\t\t\t\t\t\t<\/div>\n\t\t\t<\/div>\n\t\t<\/section>\n\t\t\t\t\t\t<\/div>\n\t\t\t<\/div>\n\t\t<\/div>\n\t\t","protected":false},"excerpt":{"rendered":"<p>\u041a\u0410\u0422\u0410\u041b\u041e\u0413 \u041f\u0415\u0420\u0415\u041c\u042b\u0427\u0415\u041a \u041f\u0435\u0440\u0435\u043c\u044b\u0447\u043a\u0430 \u0431\u0440\u0443\u0441\u043a\u043e\u0432\u0430\u044f \u0414\u043e\u0433\u043e\u0432\u043e\u0440\u043d\u0430\u044f \u041f\u043e\u043b\u043d\u044b\u0439 \u0430\u0441\u0441\u043e\u0440\u0442\u0438\u043c\u0435\u043d\u0442 \u043f\u0435\u0440\u0435\u043c\u044b\u0447\u0435\u043a \u0434\u043b\u044f \u043f\u043e\u0441\u0442\u0440\u043e\u0439\u043a\u0438 \u0436\u0438\u043b\u043e\u0433\u043e \u0434\u043e\u043c\u0430 \u041f\u0435\u0440\u0435\u043c\u044b\u0447\u043a\u0430 \u0448\u043b\u0430\u043a\u043e\u0431\u043b\u043e\u0447\u043d\u0430\u044f \u043e\u0442 150 \u0433\u0440\u043d\/\u0448\u0442 1240\u00d7120\u00d790 | 1940\u00d7120\u00d790 \u0421\u043a\u0430\u0447\u0430\u0442\u044c \u043f\u043e\u043b\u043d\u044b\u0439 \u0430\u0441\u0441\u043e\u0440\u0442\u0438\u043c\u0435\u043d\u0442 \u043f\u0435\u0440\u0435\u043c\u044b\u0447\u0435\u043a World \u041f\u0435\u0440\u0435\u043c\u044b\u0447\u043a\u0438 \u0431\u0440\u0443\u0441\u043a\u043e\u0432\u044b\u0435 (\u041f\u0411) \u2013 \u043d\u0430\u0438\u0431\u043e\u043b\u0435\u0435 \u0438\u0441\u043f\u043e\u043b\u044c\u0437\u0443\u0435\u043c\u044b\u0435 \u0438\u0437\u0434\u0435\u043b\u0438\u044f<a class=\"moretag\" href=\"https:\/\/longenotti.com\/?page_id=181\">Read More&#8230;<\/a><\/p>\n","protected":false},"author":1,"featured_media":0,"parent":0,"menu_order":0,"comment_status":"closed","ping_status":"closed","template":"","meta":{"footnotes":""},"class_list":["post-181","page","type-page","status-publish","hentry"],"_links":{"self":[{"href":"https:\/\/longenotti.com\/index.php?rest_route=\/wp\/v2\/pages\/181","targetHints":{"allow":["GET"]}}],"collection":[{"href":"https:\/\/longenotti.com\/index.php?rest_route=\/wp\/v2\/pages"}],"about":[{"href":"https:\/\/longenotti.com\/index.php?rest_route=\/wp\/v2\/types\/page"}],"author":[{"embeddable":true,"href":"https:\/\/longenotti.com\/index.php?rest_route=\/wp\/v2\/users\/1"}],"replies":[{"embeddable":true,"href":"https:\/\/longenotti.com\/index.php?rest_route=%2Fwp%2Fv2%2Fcomments&post=181"}],"version-history":[{"count":13,"href":"https:\/\/longenotti.com\/index.php?rest_route=\/wp\/v2\/pages\/181\/revisions"}],"predecessor-version":[{"id":484,"href":"https:\/\/longenotti.com\/index.php?rest_route=\/wp\/v2\/pages\/181\/revisions\/484"}],"wp:attachment":[{"href":"https:\/\/longenotti.com\/index.php?rest_route=%2Fwp%2Fv2%2Fmedia&parent=181"}],"curies":[{"name":"wp","href":"https:\/\/api.w.org\/{rel}","templated":true}]}}